{"id":2,"date":"2013-09-25T14:45:42","date_gmt":"2013-09-25T14:45:42","guid":{"rendered":"http:\/\/lifsmotun.is\/?page_id=2"},"modified":"2014-03-09T13:23:54","modified_gmt":"2014-03-09T13:23:54","slug":"sample-page","status":"publish","type":"page","link":"https:\/\/lifsmotun.is\/?page_id=2","title":{"rendered":"Skipulagsskr\u00e1"},"content":{"rendered":"<p align=\"center\">SKIPULAGSSKR\u00c1<\/p>\n<p align=\"center\"><b>fyrir L\u00edfsm\u00f3tun. <\/b><\/p>\n<p align=\"center\">1. gr.<\/p>\n<p align=\"center\"><i>Skilgreining og heiti, heimili og varnar\u00feing. <\/i><\/p>\n<p>L\u00edfsm\u00f3tun er sj\u00e1lfseignarstofnun me\u00f0 heimili og varnar\u00feing \u00ed \u00deingeyjarsveit.<\/p>\n<p align=\"center\">2. gr.<\/p>\n<p align=\"center\"><i>E\u00f0li L\u00edfsm\u00f3tunar. <\/i><\/p>\n<p>L\u00edfsm\u00f3tun er byggt \u00e1 kristnum gildum me\u00f0 kristnibo\u00f0sskipunina \u00ed huga a\u00f0 okkur beri a\u00f0 kenna \u00feeim sem hafa teki\u00f0 vi\u00f0 Jes\u00fa Kristi sem frelsara s\u00ednum a\u00f0 halda allt \u00fea\u00f0 sem hann hefur bo\u00f0a\u00f0.<\/p>\n<p align=\"center\">3. gr.<\/p>\n<p align=\"center\"><i>Tilgangur. <\/i><\/p>\n<p>Tilgangur L\u00edfsm\u00f3tunar er a\u00f0 sk\u00f3la f\u00f3lk til fylgdar vi\u00f0 kenningar Jes\u00fa Krists.<\/p>\n<p align=\"center\">4. gr.<\/p>\n<p align=\"center\"><i>Hvernig tilgangi skal n\u00e1\u00f0. <\/i><\/p>\n<p>Tilgangi s\u00ednum hyggst stofnunin n\u00e1 me\u00f0 \u00fev\u00ed a\u00f0:<\/p>\n<p>a) taka \u00fe\u00e1tt \u00ed og standa fyrir kristilegri fr\u00e6\u00f0slu \u00ed formi fyrirlestra og n\u00e1mskei\u00f0a,<\/p>\n<p>b) taka \u00fe\u00e1tt \u00ed og standa fyrir kristilegum samverum og m\u00f3tum,<\/p>\n<p>c) byggja upp dvalara\u00f0st\u00f6\u00f0u \u00fear sem kristnir einstaklingar geta dvali\u00f0 til lengri e\u00f0a skemmri t\u00edma til a\u00f0 stunda kristna \u00edhugun og \u00feegi\u00f0 kristilega r\u00e1\u00f0gj\u00f6f og handlei\u00f0slu.<\/p>\n<p>d) gefa \u00fat kristilegt efni til fr\u00e6\u00f0slu og tr\u00faaruppbyggingar,<\/p>\n<p>e) starfa me\u00f0 \u00dej\u00f3\u00f0kirkjunni og \u00f6\u00f0rum vi\u00f0urkenndum fr\u00edkirkjum og kristilegum f\u00e9lagasamt\u00f6kum,<\/p>\n<p>f) finna samstarfsa\u00f0ila og starfsf\u00f3lk \u00ed hinum \u00fdmsu l\u00f6ndum,<\/p>\n<p>Stj\u00f3rn L\u00edfsm\u00f3tunar skal semja n\u00e1nari \u00fatf\u00e6rslu \u00e1 tilgangi f\u00e9lagsins og hvernig honum skuli n\u00e1\u00f0. Skal s\u00fa \u00fatf\u00e6rsla tekin til endursko\u00f0unar eigi sjaldnar en \u00feri\u00f0ja hvert \u00e1r. \u00datf\u00e6rsla \u00feessi skal m\u00e6la n\u00e1nar fyrir um framkv\u00e6mdina. Fyrstu reglur skulu liggja fyrir innan \u00feriggja \u00e1ra fr\u00e1 sam\u00feykkt skipulagsskr\u00e1r \u00feessarar.<\/p>\n<p align=\"center\">5. gr.<\/p>\n<p align=\"center\"><i>Stofnf\u00e9 og stofnendur. <\/i><\/p>\n<p>Stofnf\u00e9 stofnunarinnar er kr. 800.000. Er \u00fea\u00f0 lagt til me\u00f0 framl\u00f6gum velunnara L\u00edfsm\u00f3tunar.<\/p>\n<p>Stofnf\u00e9 skal \u00e1vaxta\u00f0 \u00e1 h\u00e1vaxtareikningi.<\/p>\n<p>Stofnendur stofnunarinnar eru A\u00f0alsteinn M\u00e1r \u00deorsteinsson og Cornelia S \u00deorsteinsson.<\/p>\n<p align=\"center\">6. gr.<\/p>\n<p align=\"center\"><i>Tekjur. <\/i><\/p>\n<p>Tekjur stofnunarinnar eru fyrst og fremst styrkir, gjafaf\u00e9 og fj\u00e1raflanir.<\/p>\n<p align=\"center\">7. gr.<\/p>\n<p align=\"center\"><i>Stj\u00f3rn stofnunarinnar. <\/i><\/p>\n<p>\u00c6\u00f0sta vald stofnunarinnar er stj\u00f3rn hennar.<\/p>\n<p>Stj\u00f3rn stofnunarinnar skal skipu\u00f0 5 m\u00f6nnum og skal hver stj\u00f3rnarma\u00f0ur hafa sinn varamann. Kj\u00f6rt\u00edmabil stj\u00f3rnar- og varamanns er \u00f3t\u00edmabundi\u00f0. L\u00e1ti stj\u00f3rnar- e\u00f0a varama\u00f0ur af st\u00f6rfum velur stj\u00f3rnin n\u00fdjan \u00ed hans sta\u00f0.<\/p>\n<p>S\u00e9 stj\u00f3rnarma\u00f0ur forfalla\u00f0ur bo\u00f0ar hann sj\u00e1lfur varamann sinn.<\/p>\n<p>Um lei\u00f0 og einhver l\u00e6tur af stj\u00f3rnarst\u00f6rfum velur meirihluti stj\u00f3rnar n\u00fdjan stj\u00f3rnarmann \u00ed hans sta\u00f0.<\/p>\n<p align=\"center\">8. gr.<\/p>\n<p align=\"center\"><i>Bo\u00f0un stj\u00f3rnarfunda. <\/i><\/p>\n<p>Stj\u00f3rnarfundi skal bo\u00f0a me\u00f0 \u00feriggja s\u00f3larhringa fyrirvara hi\u00f0 skemmsta. Bo\u00f0uninni skal fylgja dagskr\u00e1 fundarins. Forma\u00f0ur annast bo\u00f0un stj\u00f3rnarfunda en varaforma\u00f0ur \u00ed forf\u00f6llum hans. \u00dea\u00f0 veldur ekki \u00f3gildi stj\u00f3rnarfunda \u00fe\u00f3tt bo\u00f0a\u00f0 s\u00e9 til \u00feeirra me\u00f0 skemmri fyrirvara. Jafnframt getur meirihluti fundarmanna sam\u00feykkt a\u00f0 taka m\u00e1l \u00e1 dagskr\u00e1 sem ekki voru nefnd \u00ed fundarbo\u00f0i. Stj\u00f3rnarma\u00f0ur sem ekki var m\u00e6ttur \u00e1 fund sem bo\u00f0a\u00f0 var til me\u00f0 of sk\u00f6mmum fyrirvara e\u00f0a m\u00e6tti ekki \u00e1 fund \u00fear sem n\u00fdtt m\u00e1l var teki\u00f0 \u00e1 dagskr\u00e1 sem ekki fylgdi fundarbo\u00f0i, getur krafist \u00feess a\u00f0 bo\u00f0a\u00f0 ver\u00f0i til n\u00fds fundar me\u00f0 tilkynningu til stofnunarinnar sem send skal innan s\u00f3larhrings eftir a\u00f0 hann f\u00e6r vitneskju um afgrei\u00f0slu fundarins. Skal \u00e1kv\u00f6r\u00f0un fundarins \u00fe\u00e1 ekki framfylgt fyrr en n\u00fdr stj\u00f3rnarfundur hefur veri\u00f0 haldinn og m\u00e1lefni\u00f0 afgreitt a\u00f0 n\u00fdju.<\/p>\n<p>Skylt er a\u00f0 bo\u00f0a stj\u00f3rnarfund ef tveir stj\u00f3rnarmenn krefjast \u00feess. S\u00e9 ekki bo\u00f0a\u00f0 til stj\u00f3rnarfundar innan \u00feriggja s\u00f3larhringa fr\u00e1 \u00fev\u00ed a\u00f0 krafa berst \u00fear um geta \u00feeir sta\u00f0i\u00f0 a\u00f0 bo\u00f0un fundarins sj\u00e1lfir.<\/p>\n<p>&nbsp;<\/p>\n<p>&nbsp;<\/p>\n<p align=\"center\">9. gr.<\/p>\n<p align=\"center\"><i>Stj\u00f3rnarfundir. <\/i><\/p>\n<p>Stj\u00f3rnarfundi m\u00e1 halda me\u00f0 eftirgreindum h\u00e6tti:<\/p>\n<p>a) Me\u00f0 \u00fev\u00ed a\u00f0 stj\u00f3rnin komi saman \u00e1 \u00e1kve\u00f0num sta\u00f0.<\/p>\n<p>b) Me\u00f0 fjarfundarb\u00fana\u00f0i.<\/p>\n<p>c) Me\u00f0 hverjum \u00feeim h\u00e6tti sem menn kj\u00f3sa svo fremi a\u00f0 umr\u00e6\u00f0ur geti fari\u00f0 fram milli stj\u00f3rnarmanna um \u00feau m\u00e1lefni sem r\u00e6dd eru og allir komi\u00f0 sj\u00f3narmi\u00f0um s\u00ednum a\u00f0 \u00e1\u00f0ur en m\u00e1li\u00f0 er afgreitt.<\/p>\n<p>Afl atkv\u00e6\u00f0a r\u00e6\u00f0ur ni\u00f0urst\u00f6\u00f0u m\u00e1la \u00e1 stj\u00f3rnarfundi.<\/p>\n<p align=\"center\">10. gr.<\/p>\n<p align=\"center\"><i>Fj\u00e1rm\u00e1l stofnunarinnar. <\/i><\/p>\n<p>Stj\u00f3rn L\u00edfsm\u00f3tunar ber \u00e1byrg\u00f0 \u00e1 fj\u00e1rm\u00e1lum stofnunarinnar. Skal h\u00fan g\u00e6ta \u00feess a\u00f0 b\u00f3khald s\u00e9 \u00ed l\u00f6gbundnu horfi \u00ed hv\u00edvetna, svo og \u00e1rsreikningar. Reiknis\u00e1r L\u00edfsm\u00f3tunar er almanaks\u00e1ri\u00f0. Fyrsta reikningst\u00edmabili\u00f0 er fr\u00e1 \u00feeim degi sem skipulagsskr\u00e1 hl\u00fdtur sta\u00f0festingu S\u00fdslumannsins \u00e1 Sau\u00f0\u00e1rkr\u00f3ki. Ber stj\u00f3rnin \u00e1byrg\u00f0 \u00e1 a\u00f0 b\u00f3khald og \u00e1rsreikningar s\u00e9u \u00ed l\u00f6gm\u00e6tu horfi.<\/p>\n<p align=\"center\">11. gr.<\/p>\n<p align=\"center\"><i>Endursko\u00f0un. <\/i><\/p>\n<p>\u00c1rsreikningar L\u00edfsm\u00f3tunar skulu sko\u00f0a\u00f0ir af tveimur sko\u00f0unarm\u00f6nnum sem stj\u00f3rn L\u00edfsm\u00f3tunar velur \u00e1rlega.<\/p>\n<p align=\"center\">12. gr.<\/p>\n<p align=\"center\"><i>Framkv\u00e6mdastj\u00f3rn. <\/i><\/p>\n<p>Stj\u00f3rn L\u00edfsm\u00f3tunar getur kosi\u00f0 framkv\u00e6mdastj\u00f3ra. Frumkv\u00f6\u00f0lar L\u00edfsm\u00f3tunar, A\u00f0alsteinn M\u00e1r \u00deorsteinsson og Cornelia Susanne \u00deorsteinsson skulu \u00fe\u00f3 eiga \u00e6vilangt r\u00e9tt \u00e1 a\u00f0 gegna \u00fev\u00ed starfi. Stj\u00f3rn L\u00edfsm\u00f3tunar er heimilt a\u00f0 veita framkv\u00e6mdarstj\u00f3ra pr\u00f3k\u00faruumbo\u00f0.<\/p>\n<p align=\"center\">13. gr.<\/p>\n<p align=\"center\"><i>Breytingar \u00e1 skipulagsskr\u00e1. <\/i><\/p>\n<p>Til a\u00f0 breyta skipulagsskr\u00e1 \u00feessari \u00fearf sam\u00feykki allra stj\u00f3rnarmanna. Meirihluti stj\u00f3rnarmanna geta viki\u00f0 manni \u00far stj\u00f3rn og kosi\u00f0 n\u00fdjan ef vi\u00f0komandi hefur e\u00f0a hyggst vinna gegn tilgangi L\u00edfsm\u00f3tunar.<\/p>\n<p>Allar breytingar \u00e1 skipulagsskr\u00e1 \u00feessari \u00fearfnast sam\u00feykkis s\u00fdslumannsemb\u00e6ttisins \u00e1 Sau\u00f0\u00e1rkr\u00f3ki.<\/p>\n<p align=\"center\">14. gr.<\/p>\n<p align=\"center\"><i>Ni\u00f0urlagning stofnunarinnar. <\/i><\/p>\n<p>\u00c1kve\u00f0i stj\u00f3rn a\u00f0 leggja L\u00edfsm\u00f3tun ni\u00f0ur skulu eignir renna til f\u00e9laga e\u00f0a stofnanna sem starfa \u00ed svipu\u00f0um tilgangi og L\u00edfsm\u00f3tun samkv\u00e6mt \u00e1kv\u00f6r\u00f0un stj\u00f3rnar. Til a\u00f0 leggja L\u00edfsm\u00f3tun ni\u00f0ur \u00fearf sam\u00feykki allra stj\u00f3rnarmanna.<\/p>\n<p>Ni\u00f0urlagning stofnunarinnar \u00fearfnast sam\u00feykkis s\u00fdslumannsemb\u00e6ttisins \u00e1 Sau\u00f0\u00e1rkr\u00f3ki.<\/p>\n<p align=\"center\">15. gr.<\/p>\n<p align=\"center\"><i>\u00c1kv\u00e6\u00f0i til br\u00e1\u00f0abirg\u00f0a. <\/i><\/p>\n<p>Fyrsta stj\u00f3rn stofnunarinnar er valin af stofnendum og sam\u00feykkt \u00e1 stofnfundi.<\/p>\n<p align=\"center\">16. gr.<\/p>\n<p align=\"center\"><i>Sta\u00f0festing skipulagsskr\u00e1rinnar. <\/i><\/p>\n<p>Skipulagsskr\u00e1 \u00feessi t\u00f3k gildi vi\u00f0 sam\u00feykki stofnenda og s\u00fdslumannsemb\u00e6ttisins \u00e1 Sau\u00f0\u00e1rkr\u00f3ki 2008.<\/p>\n<p>&nbsp;<\/p>\n","protected":false},"excerpt":{"rendered":"<p>SKIPULAGSSKR\u00c1 fyrir L\u00edfsm\u00f3tun. 1. gr. Skilgreining og heiti, heimili og varnar\u00feing. L\u00edfsm\u00f3tun er sj\u00e1lfseignarstofnun me\u00f0 heimili og varnar\u00feing \u00ed \u00deingeyjarsveit. 2. gr. E\u00f0li L\u00edfsm\u00f3tunar. L\u00edfsm\u00f3tun er byggt \u00e1 kristnum gildum me\u00f0 kristnibo\u00f0sskipunina \u00ed huga a\u00f0 okkur beri a\u00f0 kenna \u00feeim sem hafa teki\u00f0 vi\u00f0 Jes\u00fa Kristi sem frelsara s\u00ednum a\u00f0 halda allt \u00fea\u00f0 sem hann [&hellip;]<\/p>\n","protected":false},"author":1,"featured_media":0,"parent":0,"menu_order":0,"comment_status":"closed","ping_status":"closed","template":"","meta":{"footnotes":""},"class_list":["post-2","page","type-page","status-publish","hentry"],"_links":{"self":[{"href":"https:\/\/lifsmotun.is\/index.php?rest_route=\/wp\/v2\/pages\/2","targetHints":{"allow":["GET"]}}],"collection":[{"href":"https:\/\/lifsmotun.is\/index.php?rest_route=\/wp\/v2\/pages"}],"about":[{"href":"https:\/\/lifsmotun.is\/index.php?rest_route=\/wp\/v2\/types\/page"}],"author":[{"embeddable":true,"href":"https:\/\/lifsmotun.is\/index.php?rest_route=\/wp\/v2\/users\/1"}],"replies":[{"embeddable":true,"href":"https:\/\/lifsmotun.is\/index.php?rest_route=%2Fwp%2Fv2%2Fcomments&post=2"}],"version-history":[{"count":2,"href":"https:\/\/lifsmotun.is\/index.php?rest_route=\/wp\/v2\/pages\/2\/revisions"}],"predecessor-version":[{"id":8,"href":"https:\/\/lifsmotun.is\/index.php?rest_route=\/wp\/v2\/pages\/2\/revisions\/8"}],"wp:attachment":[{"href":"https:\/\/lifsmotun.is\/index.php?rest_route=%2Fwp%2Fv2%2Fmedia&parent=2"}],"curies":[{"name":"wp","href":"https:\/\/api.w.org\/{rel}","templated":true}]}}